{"id":3341,"date":"2024-02-03T19:22:48","date_gmt":"2024-02-04T00:22:48","guid":{"rendered":"https:\/\/microlocscanada.com\/course-registration\/"},"modified":"2025-08-26T12:15:17","modified_gmt":"2025-08-26T16:15:17","slug":"course-registration","status":"publish","type":"page","link":"https:\/\/microlocscanada.com\/en\/course-registration\/","title":{"rendered":"Training Registration"},"content":{"rendered":"\n<p class=\"has-nv-dark-bg-color has-text-color has-link-color wp-elements-8f0b6505b18bc151382acfe4a5943739\">Thank you for trusting the Microlocs Canada Training and Distribution Center. Get ready to embark on a wonderful adventure and become part of a great community of locticians. <\/p>\n\n<p class=\"has-nv-dark-bg-color has-text-color has-link-color wp-elements-c81b9c9db18eaa7ceb5fc76f299c0387\">To register for the course, complete this form, make your payment, order the necessary materials, and prepare for the course.<\/p>\n\n<p class=\"has-nv-dark-bg-color has-text-color has-link-color wp-elements-23fccfdee5f8dfaf57a182ecc6d5bcd5\"><strong>For the complete Microlocs training<\/strong>:<br\/>Please note that for the full 16-hour course on Sunday, classes start on-site at 2 PM; however, you will have an assignment to complete before arriving, which will take approximately 3 hours to do.<br\/><strong>Please regularly check your spam folder so you don&#8217;t miss any of our announcements.<\/strong><\/p>\n\n<p class=\"has-nv-dark-bg-color has-text-color has-link-color wp-elements-f76211fee4fca52c043a45df42e2af9a\"><mark style=\"background-color:rgba(0, 0, 0, 0)\" class=\"has-inline-color has-nv-dark-bg-color\">Please note that the course will start exactly on time. We therefore ask you to arrive on time. The course location is to be confirmed based on the number of participants. (Mascouche or Anjou)   <\/mark><\/p>\n\n<p class=\"has-nv-dark-bg-color has-text-color has-link-color wp-elements-cf0faf47b206e1a84dd39d0619822e96\"><mark style=\"background-color:rgba(0, 0, 0, 0)\" class=\"has-inline-color has-nv-dark-bg-color\">A certificate of completion will be issued to you at the end of the course.<\/mark><\/p>\n\n<p class=\"has-nv-dark-bg-color has-text-color has-link-color wp-elements-41a2c6739e827cbd3a017e5d5aac3c49\"><strong><u>Mandatory materials:<\/u><\/strong><br\/>&#8211; Mannequin head with <strong>very kinky<\/strong> and ideally short hair (Example: <a href=\"https:\/\/www.amazon.ca\/-\/fr\/gp\/aw\/d\/B083XTPHD6?psc=1&amp;ref=ppx_pop_mob_b_asin_title#immersive-view_1685308331139\">100% Human Hair Afro Mannequin Head for Hair Training, Hairdresser, Cosmetology, African American Mannequin Head for Braiding Styling Practice with Clamp Stand: Amazon.ca: Beauty<\/a>) <br\/><em><strong>* You absolutely need the mannequin head!! Order it in advance, because sometimes they send ones that are not very kinky, but by ordering it in advance you will have time to return it and order another one. <\/strong><\/em><br\/>&#8211; Notebook and pencil;<br\/>&#8211; Tripod to hold the mannequin head on the floor. The one that attaches to the table is not very sturdy. (Example: <a href=\"https:\/\/www.amazon.ca\/dp\/B07T1HJR6L?ref=ppx_pop_mob_ap_share&amp;th=1\">Reinforced Mannequin Head Stand for Wig, Adjustable Stand for Hairdressing, Cosmetology with Wig Cap, T-Pins, Comb, Hair Clip, Carry Bag: Amazon.ca: Beauty<\/a>).  <\/p>\n\n<p class=\"has-nv-dark-bg-color has-text-color has-link-color wp-elements-8a7efbe542a5a5341d78953c7d3096b1\"><strong><u>Included materials:<\/u><\/strong><br\/>Course notebook;<br\/>Comb, clips, and parting tools.<\/p>\n\n<p class=\"has-nv-dark-bg-color has-text-color has-link-color wp-elements-937f44d5c087c5f8f740e43d9c0c446a\"><strong><u>Terms and Conditions:<\/u><\/strong><br\/>Please note that there are no refunds for cancellations less than 21 days before the start of the course. For a course postponement, this remains at the administration&#8217;s discretion, subject to a $150 fee. <\/p>\n\n<p class=\"has-nv-dark-bg-color has-text-color has-link-color wp-elements-7c5c3bc674e33977e83dd6c0deafc5a2\">After the 16-hour course, there will be 2 included virtual feedback sessions, subject to our availability.<\/p>\n\n<style id=\"wpforms-css-vars-721\">\n\t\t\t\t#wpforms-721 {\n\t\t\t\t--wpforms-field-size-input-height: 43px;\n--wpforms-field-size-input-spacing: 15px;\n--wpforms-field-size-font-size: 16px;\n--wpforms-field-size-line-height: 19px;\n--wpforms-field-size-padding-h: 14px;\n--wpforms-field-size-checkbox-size: 16px;\n--wpforms-field-size-sublabel-spacing: 5px;\n--wpforms-field-size-icon-size: 1;\n--wpforms-label-size-font-size: 16px;\n--wpforms-label-size-line-height: 19px;\n--wpforms-label-size-sublabel-font-size: 14px;\n--wpforms-label-size-sublabel-line-height: 17px;\n--wpforms-button-size-font-size: 17px;\n--wpforms-button-size-height: 41px;\n--wpforms-button-size-padding-h: 15px;\n--wpforms-button-size-margin-top: 10px;\n--wpforms-container-shadow-size-box-shadow: none;\n\t\t\t}\n\t\t\t<\/style><div class=\"wpforms-container wpforms-container-full wpforms-render-modern\" id=\"wpforms-721\"><form id=\"wpforms-form-721\" class=\"wpforms-validate wpforms-form wpforms-ajax-form\" data-formid=\"721\" method=\"post\" enctype=\"multipart\/form-data\" action=\"\/en\/wp-json\/wp\/v2\/pages\/3341\" data-token=\"e56c284323a00a1884e28923ccd318ab\" data-token-time=\"1778158437\"><noscript class=\"wpforms-error-noscript\">Please enable JavaScript in your browser to complete this form.<\/noscript><div id=\"wpforms-error-noscript\" style=\"display: none;\">Please enable JavaScript in your browser to complete this form.<\/div><div class=\"wpforms-field-container\"><div id=\"wpforms-721-field_2-container\" class=\"wpforms-field wpforms-field-name\" data-field-id=\"2\"><label class=\"wpforms-field-label\" for=\"wpforms-721-field_2\">First Name <span class=\"wpforms-required-label\" aria-hidden=\"true\">*<\/span><\/label><input type=\"text\" id=\"wpforms-721-field_2\" class=\"wpforms-field-medium wpforms-field-required\" name=\"wpforms[fields][2]\" aria-errormessage=\"wpforms-721-field_2-error\" aria-describedby=\"wpforms-721-field_2-description\" required><div id=\"wpforms-721-field_2-description\" class=\"wpforms-field-description\">First and Last Name<\/div><\/div><div id=\"wpforms-721-field_14-container\" class=\"wpforms-field wpforms-field-name\" data-field-id=\"14\"><label class=\"wpforms-field-label\" for=\"wpforms-721-field_14\">Last Name <span class=\"wpforms-required-label\" aria-hidden=\"true\">*<\/span><\/label><input type=\"text\" id=\"wpforms-721-field_14\" class=\"wpforms-field-medium wpforms-field-required\" name=\"wpforms[fields][14]\" aria-errormessage=\"wpforms-721-field_14-error\" aria-describedby=\"wpforms-721-field_14-description\" required><div id=\"wpforms-721-field_14-description\" class=\"wpforms-field-description\">First and Last Name<\/div><\/div><div id=\"wpforms-721-field_3-container\" class=\"wpforms-field wpforms-field-number\" data-field-id=\"3\"><label class=\"wpforms-field-label\" for=\"wpforms-721-field_3\">Phone Number <span class=\"wpforms-required-label\" aria-hidden=\"true\">*<\/span><\/label><input type=\"number\" id=\"wpforms-721-field_3\" class=\"wpforms-field-medium wpforms-field-required\" name=\"wpforms[fields][3]\" step=\"any\" aria-errormessage=\"wpforms-721-field_3-error\" aria-describedby=\"wpforms-721-field_3-description\" required><div id=\"wpforms-721-field_3-description\" class=\"wpforms-field-description\">Your phone number<\/div><\/div><div id=\"wpforms-721-field_4-container\" class=\"wpforms-field wpforms-field-email\" data-field-id=\"4\"><label class=\"wpforms-field-label\" for=\"wpforms-721-field_4\">Email (check your spam folder) <span class=\"wpforms-required-label\" aria-hidden=\"true\">*<\/span><\/label><input type=\"email\" id=\"wpforms-721-field_4\" class=\"wpforms-field-medium wpforms-field-required\" name=\"wpforms[fields][4]\" spellcheck=\"false\" aria-errormessage=\"wpforms-721-field_4-error\" aria-describedby=\"wpforms-721-field_4-description\" required><div id=\"wpforms-721-field_4-description\" class=\"wpforms-field-description\">Your email address (regularly check your junk folder).<\/div><\/div><div id=\"wpforms-721-field_11-container\" class=\"wpforms-field wpforms-field-radio\" data-field-id=\"11\"><fieldset><legend class=\"wpforms-field-label\">Which course do you want to enroll in? <span class=\"wpforms-required-label\" aria-hidden=\"true\">*<\/span><\/legend><ul id=\"wpforms-721-field_11\" class=\"wpforms-field-required\"><li class=\"choice-9 depth-1\"><input type=\"radio\" id=\"wpforms-721-field_11_9\" name=\"wpforms[fields][11]\" value=\"Microlocs Training 16h (January - dates to be confirmed) - $1500\" aria-errormessage=\"wpforms-721-field_11_9-error\" required ><label class=\"wpforms-field-label-inline\" for=\"wpforms-721-field_11_9\">Microlocs Training 16h (January - dates to be confirmed) - $1500<\/label><\/li><li class=\"choice-13 depth-1\"><input type=\"radio\" id=\"wpforms-721-field_11_13\" name=\"wpforms[fields][11]\" value=\"Formations Microlocs 12-13-14 juin 1500$+tx\" aria-errormessage=\"wpforms-721-field_11_13-error\" required ><label class=\"wpforms-field-label-inline\" for=\"wpforms-721-field_11_13\">Formations Microlocs 12-13-14 juin 1500$+tx<\/label><\/li><li class=\"choice-14 depth-1\"><input type=\"radio\" id=\"wpforms-721-field_11_14\" name=\"wpforms[fields][11]\" value=\"Formations Microlocs 28-29-30 ao\u00fbt- 1500$+tx\" aria-errormessage=\"wpforms-721-field_11_14-error\" required ><label class=\"wpforms-field-label-inline\" for=\"wpforms-721-field_11_14\">Formations Microlocs 28-29-30 ao\u00fbt- 1500$+tx<\/label><\/li><li class=\"choice-15 depth-1\"><input type=\"radio\" id=\"wpforms-721-field_11_15\" name=\"wpforms[fields][11]\" value=\"Formations Microlocs 23-24-25 octobre- 1500$+tx\" aria-errormessage=\"wpforms-721-field_11_15-error\" required ><label class=\"wpforms-field-label-inline\" for=\"wpforms-721-field_11_15\">Formations Microlocs 23-24-25 octobre- 1500$+tx<\/label><\/li><li class=\"choice-6 depth-1\"><input type=\"radio\" id=\"wpforms-721-field_11_6\" name=\"wpforms[fields][11]\" value=\"Refresher for former students (October 26 - 2 PM to 5 PM) - $170\" aria-errormessage=\"wpforms-721-field_11_6-error\" required ><label class=\"wpforms-field-label-inline\" for=\"wpforms-721-field_11_6\">Refresher for former students (October 26 - 2 PM to 5 PM) - $170<\/label><\/li><li class=\"choice-10 depth-1\"><input type=\"radio\" id=\"wpforms-721-field_11_10\" name=\"wpforms[fields][11]\" value=\"Atelier de r\u00e9paration - 14 mars 2026 - 300$+tx\" aria-errormessage=\"wpforms-721-field_11_10-error\" required ><label class=\"wpforms-field-label-inline\" for=\"wpforms-721-field_11_10\">Atelier de r\u00e9paration - 14 mars 2026 - 300$+tx<\/label><\/li><li class=\"choice-12 depth-1\"><input type=\"radio\" id=\"wpforms-721-field_11_12\" name=\"wpforms[fields][11]\" value=\"Retouche sur soi - 2 mai 2026 - 400$+tx\" aria-errormessage=\"wpforms-721-field_11_12-error\" required ><label class=\"wpforms-field-label-inline\" for=\"wpforms-721-field_11_12\">Retouche sur soi - 2 mai 2026 - 400$+tx<\/label><\/li><\/ul><\/fieldset><\/div><div id=\"wpforms-721-field_5-container\" class=\"wpforms-field wpforms-field-textarea\" data-field-id=\"5\"><label class=\"wpforms-field-label\" for=\"wpforms-721-field_5\">Tell us about your hairdressing experience. <span class=\"wpforms-required-label\" aria-hidden=\"true\">*<\/span><\/label><textarea id=\"wpforms-721-field_5\" class=\"wpforms-field-medium wpforms-field-required\" name=\"wpforms[fields][5]\" aria-errormessage=\"wpforms-721-field_5-error\" required><\/textarea><\/div><div id=\"wpforms-721-field_6-container\" class=\"wpforms-field wpforms-field-textarea\" data-field-id=\"6\"><label class=\"wpforms-field-label\" for=\"wpforms-721-field_6\">Why do you want to take this course? <span class=\"wpforms-required-label\" aria-hidden=\"true\">*<\/span><\/label><textarea id=\"wpforms-721-field_6\" class=\"wpforms-field-medium wpforms-field-required\" name=\"wpforms[fields][6]\" aria-errormessage=\"wpforms-721-field_6-error\" required><\/textarea><\/div><div id=\"wpforms-721-field_12-container\" class=\"wpforms-field wpforms-field-radio\" data-field-id=\"12\"><fieldset><legend class=\"wpforms-field-label\">How do you want to pay? <span class=\"wpforms-required-label\" aria-hidden=\"true\">*<\/span><\/legend><ul id=\"wpforms-721-field_12\" class=\"wpforms-field-required\"><li class=\"choice-1 depth-1\"><input type=\"radio\" id=\"wpforms-721-field_12_1\" name=\"wpforms[fields][12]\" value=\"Interac e-Transfer - 1 payment to contact@microlocscanada.com\" aria-errormessage=\"wpforms-721-field_12_1-error\" aria-describedby=\"wpforms-721-field_12-description\" required ><label class=\"wpforms-field-label-inline\" for=\"wpforms-721-field_12_1\">Interac e-Transfer - 1 payment to contact@microlocscanada.com<\/label><\/li><li class=\"choice-3 depth-1\"><input type=\"radio\" id=\"wpforms-721-field_12_3\" name=\"wpforms[fields][12]\" value=\"Interac e-Transfer - 3 installments - to contact@microlocscanada.com\" aria-errormessage=\"wpforms-721-field_12_3-error\" aria-describedby=\"wpforms-721-field_12-description\" required ><label class=\"wpforms-field-label-inline\" for=\"wpforms-721-field_12_3\">Interac e-Transfer - 3 installments - to contact@microlocscanada.com<\/label><\/li><li class=\"choice-2 depth-1\"><input type=\"radio\" id=\"wpforms-721-field_12_2\" name=\"wpforms[fields][12]\" value=\"Credit card - 1 payment - shop tab: https:\/\/microlocscanada.com\/index.php\/boutique\/\" aria-errormessage=\"wpforms-721-field_12_2-error\" aria-describedby=\"wpforms-721-field_12-description\" required ><label class=\"wpforms-field-label-inline\" for=\"wpforms-721-field_12_2\">Credit card - 1 payment - shop tab: https:\/\/microlocscanada.com\/index.php\/boutique\/<\/label><\/li><\/ul><div id=\"wpforms-721-field_12-description\" class=\"wpforms-field-description\">**Un premier versement d'au moins 400$ pour r\u00e9server votre place. La balance peut \u00eatre pay\u00e9 \u00e0 votre rythme, en autant que la totalit\u00e9 soit pay\u00e9 au moins 10 jours avant le d\u00e9but du cours.<\/div><\/fieldset><\/div><div id=\"wpforms-721-field_8-container\" class=\"wpforms-field wpforms-field-checkbox\" data-field-id=\"8\"><fieldset><legend class=\"wpforms-field-label\">I have read, understood, and agree with the above instructions. <span class=\"wpforms-required-label\" aria-hidden=\"true\">*<\/span><\/legend><ul id=\"wpforms-721-field_8\" class=\"wpforms-field-required\"><li class=\"choice-1 depth-1\"><input type=\"checkbox\" id=\"wpforms-721-field_8_1\" name=\"wpforms[fields][8][]\" value=\"Yes\" aria-errormessage=\"wpforms-721-field_8_1-error\" required ><label class=\"wpforms-field-label-inline\" for=\"wpforms-721-field_8_1\">Yes<\/label><\/li><\/ul><\/fieldset><\/div><div id=\"wpforms-721-field_9-container\" class=\"wpforms-field wpforms-field-checkbox\" data-field-id=\"9\"><fieldset><legend class=\"wpforms-field-label\">Where did you hear about us? <span class=\"wpforms-required-label\" aria-hidden=\"true\">*<\/span><\/legend><ul id=\"wpforms-721-field_9\" class=\"wpforms-field-required\"><li class=\"choice-1 depth-1\"><input type=\"checkbox\" id=\"wpforms-721-field_9_1\" name=\"wpforms[fields][9][]\" value=\"You are an existing client\" aria-errormessage=\"wpforms-721-field_9_1-error\" required ><label class=\"wpforms-field-label-inline\" for=\"wpforms-721-field_9_1\">You are an existing client<\/label><\/li><li class=\"choice-2 depth-1\"><input type=\"checkbox\" id=\"wpforms-721-field_9_2\" name=\"wpforms[fields][9][]\" value=\"Instagram\" aria-errormessage=\"wpforms-721-field_9_2-error\" required ><label class=\"wpforms-field-label-inline\" for=\"wpforms-721-field_9_2\">Instagram<\/label><\/li><li class=\"choice-3 depth-1\"><input type=\"checkbox\" id=\"wpforms-721-field_9_3\" name=\"wpforms[fields][9][]\" value=\"Search engine\" aria-errormessage=\"wpforms-721-field_9_3-error\" required ><label class=\"wpforms-field-label-inline\" for=\"wpforms-721-field_9_3\">Search engine<\/label><\/li><li class=\"choice-4 depth-1\"><input type=\"checkbox\" id=\"wpforms-721-field_9_4\" name=\"wpforms[fields][9][]\" value=\"Word of mouth\" aria-errormessage=\"wpforms-721-field_9_4-error\" required ><label class=\"wpforms-field-label-inline\" for=\"wpforms-721-field_9_4\">Word of mouth<\/label><\/li><li class=\"choice-5 depth-1\"><input type=\"checkbox\" id=\"wpforms-721-field_9_5\" name=\"wpforms[fields][9][]\" value=\"Other\" aria-errormessage=\"wpforms-721-field_9_5-error\" required ><label class=\"wpforms-field-label-inline\" for=\"wpforms-721-field_9_5\">Other<\/label><\/li><\/ul><\/fieldset><\/div><div id=\"wpforms-721-field_15-container\" class=\"wpforms-field wpforms-field-text\" data-field-id=\"15\"><label class=\"wpforms-field-label\" for=\"wpforms-721-field_15\">Vous avez \u00e9t\u00e9 r\u00e9f\u00e9r\u00e9e par quelqu&#039;un ?<\/label><input type=\"text\" id=\"wpforms-721-field_15\" class=\"wpforms-field-medium\" name=\"wpforms[fields][15]\" aria-errormessage=\"wpforms-721-field_15-error\" ><\/div><div id=\"wpforms-721-field_13-container\" class=\"wpforms-field wpforms-field-captcha\" data-field-id=\"13\"><label class=\"wpforms-field-label\" for=\"wpforms-721-field_13\">Captcha <span class=\"wpforms-required-label\" aria-hidden=\"true\">*<\/span><\/label>\t\t\t<div class=\"wpforms-captcha-math\">\n\t\t\t\t<span id=\"wpforms-721-field_13-question\" class=\"wpforms-captcha-equation\">\n\t\t\t\t\t<span class=\"n1\">7<\/span>\n\t\t\t\t\t\t\t<span class=\"cal\">*<\/span>\n\t\t\t\t\t\t\t<span class=\"n2\">11<\/span>\t\t\t\t\t<span class=\"e\">=<\/span>\n\t\t\t\t<\/span>\n\t\t\t\t<input type=\"text\" id=\"wpforms-721-field_13\" class=\"wpforms-field-medium wpforms-field-required a\" data-rule-wpf-captcha=\"math\" data-is-wrapped-field=\"1\" name=\"wpforms[fields][13][a]\" aria-errormessage=\"wpforms-721-field_13-error\" aria-describedby=\"wpforms-721-field_13-question\" required>\t\t\t\t<input type=\"hidden\" name=\"wpforms[fields][13][cal]\" class=\"cal\">\n\t\t\t\t<input type=\"hidden\" name=\"wpforms[fields][13][n2]\" class=\"n2\">\n\t\t\t\t<input type=\"hidden\" name=\"wpforms[fields][13][n1]\" class=\"n1\">\n\t\t\t<\/div>\n\t\t\t<\/div><\/div><!-- .wpforms-field-container --><div class=\"wpforms-submit-container\" ><input type=\"hidden\" name=\"wpforms[id]\" value=\"721\"><input type=\"hidden\" name=\"page_title\" value=\"\"><input type=\"hidden\" name=\"page_url\" value=\"https:\/\/microlocscanada.com\/en\/wp-json\/wp\/v2\/pages\/3341\"><input type=\"hidden\" name=\"url_referer\" value=\"\"><button type=\"submit\" name=\"wpforms[submit]\" id=\"wpforms-submit-721\" class=\"wpforms-submit\" data-alt-text=\"Sending...\" data-submit-text=\"Submit\" aria-live=\"assertive\" value=\"wpforms-submit\">Submit<\/button><img decoding=\"async\" src=\"https:\/\/microlocscanada.com\/wp-content\/plugins\/wpforms\/assets\/images\/submit-spin.svg\" class=\"wpforms-submit-spinner\" style=\"display: none;\" width=\"26\" height=\"26\" alt=\"Loading\"><\/div><\/form><\/div>  <!-- .wpforms-container -->\n\n<p class=\"has-nv-dark-bg-color has-text-color has-link-color wp-elements-fb047dea8d4116cc52ff08bfbf6206c9\"><strong>By making the deposit, you accept all the terms and conditions mentioned above. Payment constitutes a contract. <\/strong><\/p>\n\n<p class=\"has-nv-dark-bg-color has-text-color has-link-color wp-elements-2ebf0500186393ce5239e20b101d47ee\">* You will receive the final details a few days before the start of the course. Please regularly check your spam folder so you don&#8217;t miss any of our announcements. <br\/>*As we have a high volume of requests, we ask you to contact us by email, leaving your phone number, and we will contact you within the next 48 hours.<\/p>\n","protected":false},"excerpt":{"rendered":"<p>Thank you for trusting the Microlocs Canada Training and Distribution Center. Get ready to embark on a wonderful adventure and become part of a great community of locticians. To register for the course, complete this form, make your payment, order the necessary materials, and prepare for the course. For the complete Microlocs training:Please note that [&hellip;]<\/p>\n","protected":false},"author":1,"featured_media":0,"parent":0,"menu_order":0,"comment_status":"closed","ping_status":"closed","template":"","meta":{"footnotes":""},"class_list":["post-3341","page","type-page","status-publish","hentry"],"_links":{"self":[{"href":"https:\/\/microlocscanada.com\/en\/wp-json\/wp\/v2\/pages\/3341","targetHints":{"allow":["GET"]}}],"collection":[{"href":"https:\/\/microlocscanada.com\/en\/wp-json\/wp\/v2\/pages"}],"about":[{"href":"https:\/\/microlocscanada.com\/en\/wp-json\/wp\/v2\/types\/page"}],"author":[{"embeddable":true,"href":"https:\/\/microlocscanada.com\/en\/wp-json\/wp\/v2\/users\/1"}],"replies":[{"embeddable":true,"href":"https:\/\/microlocscanada.com\/en\/wp-json\/wp\/v2\/comments?post=3341"}],"version-history":[{"count":0,"href":"https:\/\/microlocscanada.com\/en\/wp-json\/wp\/v2\/pages\/3341\/revisions"}],"wp:attachment":[{"href":"https:\/\/microlocscanada.com\/en\/wp-json\/wp\/v2\/media?parent=3341"}],"curies":[{"name":"wp","href":"https:\/\/api.w.org\/{rel}","templated":true}]}}