{"id":3667,"date":"2024-02-03T19:08:40","date_gmt":"2024-02-04T00:08:40","guid":{"rendered":"https:\/\/microlocscanada.com\/produit\/microlocs-training-16h\/"},"modified":"2024-02-03T19:08:40","modified_gmt":"2024-02-04T00:08:40","slug":"microlocs-training-16h","status":"publish","type":"product","link":"https:\/\/microlocscanada.com\/en\/produit\/microlocs-training-16h\/","title":{"rendered":"Microlocs training 16h"},"content":{"rendered":"<p>Il s&#8217;agit d&#8217;une formation qui se d\u00e9roule en pr\u00e9sentiel \u00e0 Mascouche pour apprendre aux locticiennes et aux futures locticiennes l&#8217;art des microlocs et les outiller pour lancer leur carri\u00e8re avec confiance.<\/p>\n","protected":false},"excerpt":{"rendered":"<p>This is a training course that takes place in person in Mascouche to teach current and future locators the art of microlocs and equip them to launch their careers with confidence.<\/p>\n<p>&nbsp;<\/p>\n","protected":false},"featured_media":2945,"template":"","meta":[],"product_brand":[],"product_cat":[145,144],"product_tag":[],"class_list":{"0":"post-3667","1":"product","2":"type-product","3":"status-publish","4":"has-post-thumbnail","6":"product_cat-course","7":"product_cat-training","9":"first","10":"instock","11":"featured","12":"virtual","13":"taxable","14":"purchasable","15":"product-type-simple"},"_links":{"self":[{"href":"https:\/\/microlocscanada.com\/en\/wp-json\/wp\/v2\/product\/3667","targetHints":{"allow":["GET"]}}],"collection":[{"href":"https:\/\/microlocscanada.com\/en\/wp-json\/wp\/v2\/product"}],"about":[{"href":"https:\/\/microlocscanada.com\/en\/wp-json\/wp\/v2\/types\/product"}],"wp:featuredmedia":[{"embeddable":true,"href":"https:\/\/microlocscanada.com\/en\/wp-json\/wp\/v2\/media\/2945"}],"wp:attachment":[{"href":"https:\/\/microlocscanada.com\/en\/wp-json\/wp\/v2\/media?parent=3667"}],"wp:term":[{"taxonomy":"product_brand","embeddable":true,"href":"https:\/\/microlocscanada.com\/en\/wp-json\/wp\/v2\/product_brand?post=3667"},{"taxonomy":"product_cat","embeddable":true,"href":"https:\/\/microlocscanada.com\/en\/wp-json\/wp\/v2\/product_cat?post=3667"},{"taxonomy":"product_tag","embeddable":true,"href":"https:\/\/microlocscanada.com\/en\/wp-json\/wp\/v2\/product_tag?post=3667"}],"curies":[{"name":"wp","href":"https:\/\/api.w.org\/{rel}","templated":true}]}}