{"id":3669,"date":"2025-12-17T11:39:05","date_gmt":"2025-12-17T16:39:05","guid":{"rendered":"https:\/\/microlocscanada.com\/produit\/vitamin-enriched-water-refill-600ml\/"},"modified":"2025-12-17T11:39:05","modified_gmt":"2025-12-17T16:39:05","slug":"vitamin-enriched-water-refill-600ml","status":"publish","type":"product","link":"https:\/\/microlocscanada.com\/en\/produit\/vitamin-enriched-water-refill-600ml\/","title":{"rendered":"Vitamin-enriched water refill 600ml"},"content":{"rendered":"<div class=\"elementor-element elementor-element-b38e657 elementor-widget elementor-widget-woocommerce-product-content\" data-id=\"b38e657\" data-element_type=\"widget\" data-widget_type=\"woocommerce-product-content.default\">\n<div class=\"elementor-widget-container\">\n<p data-start=\"107\" data-end=\"177\">A treatment designed to complement your daily hair care routine:<\/p>\n<p data-start=\"179\" data-end=\"406\">\u2022 Designed for natural hair and locs<br data-start=\"224\" data-end=\"227\">\u2022 Nourishes hair and promotes healthy growth<br data-start=\"279\" data-end=\"282\">\u2022 Deeply moisturizes and helps relieve itching<br data-start=\"342\" data-end=\"345\">\u2022 Lightweight, non-greasy formula, ideal for regular use<\/p>\n<p data-start=\"408\" data-end=\"523\" data-is-last-node=\"\" data-is-only-node=\"\">Formulated with key ingredients that support loc maturation and contribute to scalp health.<\/p>\n<p>&nbsp;<\/p>\n<\/div>\n<\/div>\n","protected":false},"excerpt":{"rendered":"<p>The Sisters&amp;Locs range has been specially designed to meet the unique needs of locs, offering effective products that nourish, hydrate, and strengthen hair daily. Formulated with carefully selected ingredients, it supports scalp health and the beauty of locs at every stage of their growth. <\/p>\n<p data-pm-slice=\"1 1 []\">&#8212;&#8212;&#8212;&#8212;&#8212;&#8212;&#8212;&#8212;&#8212;&#8212;&#8212;&#8212;&#8212;&#8212;<\/p>\n<div>\ud83d\udcbb Delivery is not yet available, here&#8217;s how to order in 3 simple steps:<\/div>\n<div>  1. Choose your products<\/div>\n<div>  2. Choose your pickup point<\/div>\n<div>  3. And that&#8217;s it! You will receive a confirmation email with all the information to collect your order. <\/div>\n<div><\/div>\n<div>\ud83d\udccd Available for pickup in these areas:<\/div>\n<div>\u2022Mascouche<\/div>\n<div>\u2022Rivi\u00e8re-des-Prairies<\/div>\n<div>\u2022Mercier-Hochelaga-Maisonneuve<\/div>\n<div>\u2022Pius IX<\/div>\n<div><\/div>\n<div>Vous avez des questions n\u2019h\u00e9sitez pas \u00e0 nous \u00e9crire! Contact@microlocscanada.com <\/div>\n","protected":false},"featured_media":3542,"template":"","meta":[],"product_brand":[],"product_cat":[146],"product_tag":[],"class_list":{"0":"post-3669","1":"product","2":"type-product","3":"status-publish","4":"has-post-thumbnail","6":"product_cat-products","8":"first","9":"instock","10":"taxable","11":"shipping-taxable","12":"purchasable","13":"product-type-simple"},"_links":{"self":[{"href":"https:\/\/microlocscanada.com\/en\/wp-json\/wp\/v2\/product\/3669","targetHints":{"allow":["GET"]}}],"collection":[{"href":"https:\/\/microlocscanada.com\/en\/wp-json\/wp\/v2\/product"}],"about":[{"href":"https:\/\/microlocscanada.com\/en\/wp-json\/wp\/v2\/types\/product"}],"wp:featuredmedia":[{"embeddable":true,"href":"https:\/\/microlocscanada.com\/en\/wp-json\/wp\/v2\/media\/3542"}],"wp:attachment":[{"href":"https:\/\/microlocscanada.com\/en\/wp-json\/wp\/v2\/media?parent=3669"}],"wp:term":[{"taxonomy":"product_brand","embeddable":true,"href":"https:\/\/microlocscanada.com\/en\/wp-json\/wp\/v2\/product_brand?post=3669"},{"taxonomy":"product_cat","embeddable":true,"href":"https:\/\/microlocscanada.com\/en\/wp-json\/wp\/v2\/product_cat?post=3669"},{"taxonomy":"product_tag","embeddable":true,"href":"https:\/\/microlocscanada.com\/en\/wp-json\/wp\/v2\/product_tag?post=3669"}],"curies":[{"name":"wp","href":"https:\/\/api.w.org\/{rel}","templated":true}]}}